{"id":4688,"date":"2025-04-16T16:30:28","date_gmt":"2025-04-16T14:30:28","guid":{"rendered":"https:\/\/przedszkole1-rogozno.pl\/?page_id=4688"},"modified":"2025-04-16T16:34:22","modified_gmt":"2025-04-16T14:34:22","slug":"niezwykly-gosc","status":"publish","type":"page","link":"https:\/\/przedszkole1-rogozno.pl\/index.php\/niezwykly-gosc\/","title":{"rendered":"Niezwyk\u0142y go\u015b\u0107"},"content":{"rendered":"\t\t<div data-elementor-type=\"wp-page\" data-elementor-id=\"4688\" class=\"elementor elementor-4688\" data-elementor-post-type=\"page\">\n\t\t\t\t\t\t<section class=\"elementor-section elementor-top-section elementor-element elementor-element-0c76f62 elementor-section-boxed elementor-section-height-default elementor-section-height-default\" data-id=\"0c76f62\" data-element_type=\"section\">\n\t\t\t\t\t\t<div class=\"elementor-container elementor-column-gap-default\">\n\t\t\t\t\t<div class=\"elementor-column elementor-col-100 elementor-top-column elementor-element elementor-element-6c80b9b\" data-id=\"6c80b9b\" data-element_type=\"column\">\n\t\t\t<div class=\"elementor-widget-wrap elementor-element-populated\">\n\t\t\t\t\t\t<div class=\"elementor-element elementor-element-928dfef elementor-widget elementor-widget-gallery\" data-id=\"928dfef\" data-element_type=\"widget\" data-settings=\"{&quot;lazyload&quot;:&quot;yes&quot;,&quot;gallery_layout&quot;:&quot;grid&quot;,&quot;columns&quot;:4,&quot;columns_tablet&quot;:2,&quot;columns_mobile&quot;:1,&quot;gap&quot;:{&quot;unit&quot;:&quot;px&quot;,&quot;size&quot;:10,&quot;sizes&quot;:[]},&quot;gap_tablet&quot;:{&quot;unit&quot;:&quot;px&quot;,&quot;size&quot;:10,&quot;sizes&quot;:[]},&quot;gap_mobile&quot;:{&quot;unit&quot;:&quot;px&quot;,&quot;size&quot;:10,&quot;sizes&quot;:[]},&quot;link_to&quot;:&quot;file&quot;,&quot;aspect_ratio&quot;:&quot;3:2&quot;,&quot;overlay_background&quot;:&quot;yes&quot;,&quot;content_hover_animation&quot;:&quot;fade-in&quot;}\" data-widget_type=\"gallery.default\">\n\t\t\t\t<div class=\"elementor-widget-container\">\n\t\t\t\t\t\t\t<div class=\"elementor-gallery__container\">\n\t\t\t\t\t\t\t<a class=\"e-gallery-item elementor-gallery-item elementor-animated-content\" href=\"https:\/\/przedszkole1-rogozno.pl\/wp-content\/uploads\/2025\/04\/DSC_0290-1-scaled.jpg\" data-elementor-open-lightbox=\"yes\" data-elementor-lightbox-slideshow=\"928dfef\" data-elementor-lightbox-title=\"DSC_0290\" data-e-action-hash=\"#elementor-action%3Aaction%3Dlightbox%26settings%3DeyJpZCI6NDY5MCwidXJsIjoiaHR0cHM6XC9cL3ByemVkc3prb2xlMS1yb2dvem5vLnBsXC93cC1jb250ZW50XC91cGxvYWRzXC8yMDI1XC8wNFwvRFNDXzAyOTAtMS1zY2FsZWQuanBnIiwic2xpZGVzaG93IjoiOTI4ZGZlZiJ9\">\n\t\t\t\t\t<div class=\"e-gallery-image elementor-gallery-item__image\" data-thumbnail=\"https:\/\/przedszkole1-rogozno.pl\/wp-content\/uploads\/2025\/04\/DSC_0290-1-300x199.jpg\" data-width=\"300\" data-height=\"199\" aria-label=\"\" role=\"img\" ><\/div>\n\t\t\t\t\t\t\t\t\t\t\t<div class=\"elementor-gallery-item__overlay\"><\/div>\n\t\t\t\t\t\t\t\t\t\t\t\t\t\t<\/a>\n\t\t\t\t\t\t\t<a class=\"e-gallery-item elementor-gallery-item elementor-animated-content\" href=\"https:\/\/przedszkole1-rogozno.pl\/wp-content\/uploads\/2025\/04\/DSC_0299-scaled.jpg\" data-elementor-open-lightbox=\"yes\" data-elementor-lightbox-slideshow=\"928dfef\" data-elementor-lightbox-title=\"DSC_0299\" data-e-action-hash=\"#elementor-action%3Aaction%3Dlightbox%26settings%3DeyJpZCI6NDY5MiwidXJsIjoiaHR0cHM6XC9cL3ByemVkc3prb2xlMS1yb2dvem5vLnBsXC93cC1jb250ZW50XC91cGxvYWRzXC8yMDI1XC8wNFwvRFNDXzAyOTktc2NhbGVkLmpwZyIsInNsaWRlc2hvdyI6IjkyOGRmZWYifQ%3D%3D\">\n\t\t\t\t\t<div class=\"e-gallery-image elementor-gallery-item__image\" data-thumbnail=\"https:\/\/przedszkole1-rogozno.pl\/wp-content\/uploads\/2025\/04\/DSC_0299-300x199.jpg\" data-width=\"300\" data-height=\"199\" aria-label=\"\" role=\"img\" ><\/div>\n\t\t\t\t\t\t\t\t\t\t\t<div class=\"elementor-gallery-item__overlay\"><\/div>\n\t\t\t\t\t\t\t\t\t\t\t\t\t\t<\/a>\n\t\t\t\t\t\t\t<a class=\"e-gallery-item elementor-gallery-item elementor-animated-content\" href=\"https:\/\/przedszkole1-rogozno.pl\/wp-content\/uploads\/2025\/04\/DSC_0302-scaled.jpg\" data-elementor-open-lightbox=\"yes\" data-elementor-lightbox-slideshow=\"928dfef\" data-elementor-lightbox-title=\"DSC_0302\" data-e-action-hash=\"#elementor-action%3Aaction%3Dlightbox%26settings%3DeyJpZCI6NDY5MywidXJsIjoiaHR0cHM6XC9cL3ByemVkc3prb2xlMS1yb2dvem5vLnBsXC93cC1jb250ZW50XC91cGxvYWRzXC8yMDI1XC8wNFwvRFNDXzAzMDItc2NhbGVkLmpwZyIsInNsaWRlc2hvdyI6IjkyOGRmZWYifQ%3D%3D\">\n\t\t\t\t\t<div class=\"e-gallery-image elementor-gallery-item__image\" data-thumbnail=\"https:\/\/przedszkole1-rogozno.pl\/wp-content\/uploads\/2025\/04\/DSC_0302-300x199.jpg\" data-width=\"300\" data-height=\"199\" aria-label=\"\" role=\"img\" ><\/div>\n\t\t\t\t\t\t\t\t\t\t\t<div class=\"elementor-gallery-item__overlay\"><\/div>\n\t\t\t\t\t\t\t\t\t\t\t\t\t\t<\/a>\n\t\t\t\t\t\t\t<a class=\"e-gallery-item elementor-gallery-item elementor-animated-content\" href=\"https:\/\/przedszkole1-rogozno.pl\/wp-content\/uploads\/2025\/04\/DSC_0315-scaled.jpg\" data-elementor-open-lightbox=\"yes\" data-elementor-lightbox-slideshow=\"928dfef\" data-elementor-lightbox-title=\"DSC_0315\" data-e-action-hash=\"#elementor-action%3Aaction%3Dlightbox%26settings%3DeyJpZCI6NDY5NSwidXJsIjoiaHR0cHM6XC9cL3ByemVkc3prb2xlMS1yb2dvem5vLnBsXC93cC1jb250ZW50XC91cGxvYWRzXC8yMDI1XC8wNFwvRFNDXzAzMTUtc2NhbGVkLmpwZyIsInNsaWRlc2hvdyI6IjkyOGRmZWYifQ%3D%3D\">\n\t\t\t\t\t<div class=\"e-gallery-image elementor-gallery-item__image\" data-thumbnail=\"https:\/\/przedszkole1-rogozno.pl\/wp-content\/uploads\/2025\/04\/DSC_0315-300x199.jpg\" data-width=\"300\" data-height=\"199\" aria-label=\"\" role=\"img\" ><\/div>\n\t\t\t\t\t\t\t\t\t\t\t<div class=\"elementor-gallery-item__overlay\"><\/div>\n\t\t\t\t\t\t\t\t\t\t\t\t\t\t<\/a>\n\t\t\t\t\t\t\t<a class=\"e-gallery-item elementor-gallery-item elementor-animated-content\" href=\"https:\/\/przedszkole1-rogozno.pl\/wp-content\/uploads\/2025\/04\/DSC_0320-1-scaled.jpg\" data-elementor-open-lightbox=\"yes\" data-elementor-lightbox-slideshow=\"928dfef\" data-elementor-lightbox-title=\"DSC_0320\" data-e-action-hash=\"#elementor-action%3Aaction%3Dlightbox%26settings%3DeyJpZCI6NDY5NiwidXJsIjoiaHR0cHM6XC9cL3ByemVkc3prb2xlMS1yb2dvem5vLnBsXC93cC1jb250ZW50XC91cGxvYWRzXC8yMDI1XC8wNFwvRFNDXzAzMjAtMS1zY2FsZWQuanBnIiwic2xpZGVzaG93IjoiOTI4ZGZlZiJ9\">\n\t\t\t\t\t<div class=\"e-gallery-image elementor-gallery-item__image\" data-thumbnail=\"https:\/\/przedszkole1-rogozno.pl\/wp-content\/uploads\/2025\/04\/DSC_0320-1-300x199.jpg\" data-width=\"300\" data-height=\"199\" aria-label=\"\" role=\"img\" ><\/div>\n\t\t\t\t\t\t\t\t\t\t\t<div class=\"elementor-gallery-item__overlay\"><\/div>\n\t\t\t\t\t\t\t\t\t\t\t\t\t\t<\/a>\n\t\t\t\t\t\t\t<a class=\"e-gallery-item elementor-gallery-item elementor-animated-content\" href=\"https:\/\/przedszkole1-rogozno.pl\/wp-content\/uploads\/2025\/04\/DSC_0321-scaled.jpg\" data-elementor-open-lightbox=\"yes\" data-elementor-lightbox-slideshow=\"928dfef\" data-elementor-lightbox-title=\"DSC_0321\" data-e-action-hash=\"#elementor-action%3Aaction%3Dlightbox%26settings%3DeyJpZCI6NDY5NywidXJsIjoiaHR0cHM6XC9cL3ByemVkc3prb2xlMS1yb2dvem5vLnBsXC93cC1jb250ZW50XC91cGxvYWRzXC8yMDI1XC8wNFwvRFNDXzAzMjEtc2NhbGVkLmpwZyIsInNsaWRlc2hvdyI6IjkyOGRmZWYifQ%3D%3D\">\n\t\t\t\t\t<div class=\"e-gallery-image elementor-gallery-item__image\" data-thumbnail=\"https:\/\/przedszkole1-rogozno.pl\/wp-content\/uploads\/2025\/04\/DSC_0321-300x199.jpg\" data-width=\"300\" data-height=\"199\" aria-label=\"\" role=\"img\" ><\/div>\n\t\t\t\t\t\t\t\t\t\t\t<div class=\"elementor-gallery-item__overlay\"><\/div>\n\t\t\t\t\t\t\t\t\t\t\t\t\t\t<\/a>\n\t\t\t\t\t\t\t<a class=\"e-gallery-item elementor-gallery-item elementor-animated-content\" href=\"https:\/\/przedszkole1-rogozno.pl\/wp-content\/uploads\/2025\/04\/DSC_0324-scaled.jpg\" data-elementor-open-lightbox=\"yes\" data-elementor-lightbox-slideshow=\"928dfef\" data-elementor-lightbox-title=\"DSC_0324\" data-e-action-hash=\"#elementor-action%3Aaction%3Dlightbox%26settings%3DeyJpZCI6NDY5OCwidXJsIjoiaHR0cHM6XC9cL3ByemVkc3prb2xlMS1yb2dvem5vLnBsXC93cC1jb250ZW50XC91cGxvYWRzXC8yMDI1XC8wNFwvRFNDXzAzMjQtc2NhbGVkLmpwZyIsInNsaWRlc2hvdyI6IjkyOGRmZWYifQ%3D%3D\">\n\t\t\t\t\t<div class=\"e-gallery-image elementor-gallery-item__image\" data-thumbnail=\"https:\/\/przedszkole1-rogozno.pl\/wp-content\/uploads\/2025\/04\/DSC_0324-300x199.jpg\" data-width=\"300\" data-height=\"199\" aria-label=\"\" role=\"img\" ><\/div>\n\t\t\t\t\t\t\t\t\t\t\t<div class=\"elementor-gallery-item__overlay\"><\/div>\n\t\t\t\t\t\t\t\t\t\t\t\t\t\t<\/a>\n\t\t\t\t\t\t\t<a class=\"e-gallery-item elementor-gallery-item elementor-animated-content\" href=\"https:\/\/przedszkole1-rogozno.pl\/wp-content\/uploads\/2025\/04\/DSC_0329-scaled.jpg\" data-elementor-open-lightbox=\"yes\" data-elementor-lightbox-slideshow=\"928dfef\" data-elementor-lightbox-title=\"DSC_0329\" data-e-action-hash=\"#elementor-action%3Aaction%3Dlightbox%26settings%3DeyJpZCI6NDcwMCwidXJsIjoiaHR0cHM6XC9cL3ByemVkc3prb2xlMS1yb2dvem5vLnBsXC93cC1jb250ZW50XC91cGxvYWRzXC8yMDI1XC8wNFwvRFNDXzAzMjktc2NhbGVkLmpwZyIsInNsaWRlc2hvdyI6IjkyOGRmZWYifQ%3D%3D\">\n\t\t\t\t\t<div class=\"e-gallery-image elementor-gallery-item__image\" data-thumbnail=\"https:\/\/przedszkole1-rogozno.pl\/wp-content\/uploads\/2025\/04\/DSC_0329-300x199.jpg\" data-width=\"300\" data-height=\"199\" aria-label=\"\" role=\"img\" ><\/div>\n\t\t\t\t\t\t\t\t\t\t\t<div class=\"elementor-gallery-item__overlay\"><\/div>\n\t\t\t\t\t\t\t\t\t\t\t\t\t\t<\/a>\n\t\t\t\t\t\t\t<a class=\"e-gallery-item elementor-gallery-item elementor-animated-content\" href=\"https:\/\/przedszkole1-rogozno.pl\/wp-content\/uploads\/2025\/04\/DSC_0348-scaled.jpg\" data-elementor-open-lightbox=\"yes\" data-elementor-lightbox-slideshow=\"928dfef\" data-elementor-lightbox-title=\"DSC_0348\" data-e-action-hash=\"#elementor-action%3Aaction%3Dlightbox%26settings%3DeyJpZCI6NDcwMSwidXJsIjoiaHR0cHM6XC9cL3ByemVkc3prb2xlMS1yb2dvem5vLnBsXC93cC1jb250ZW50XC91cGxvYWRzXC8yMDI1XC8wNFwvRFNDXzAzNDgtc2NhbGVkLmpwZyIsInNsaWRlc2hvdyI6IjkyOGRmZWYifQ%3D%3D\">\n\t\t\t\t\t<div class=\"e-gallery-image elementor-gallery-item__image\" data-thumbnail=\"https:\/\/przedszkole1-rogozno.pl\/wp-content\/uploads\/2025\/04\/DSC_0348-300x199.jpg\" data-width=\"300\" data-height=\"199\" aria-label=\"\" role=\"img\" ><\/div>\n\t\t\t\t\t\t\t\t\t\t\t<div class=\"elementor-gallery-item__overlay\"><\/div>\n\t\t\t\t\t\t\t\t\t\t\t\t\t\t<\/a>\n\t\t\t\t\t\t\t<a class=\"e-gallery-item elementor-gallery-item elementor-animated-content\" href=\"https:\/\/przedszkole1-rogozno.pl\/wp-content\/uploads\/2025\/04\/DSC_0357-scaled.jpg\" data-elementor-open-lightbox=\"yes\" data-elementor-lightbox-slideshow=\"928dfef\" data-elementor-lightbox-title=\"DSC_0357\" data-e-action-hash=\"#elementor-action%3Aaction%3Dlightbox%26settings%3DeyJpZCI6NDcwMiwidXJsIjoiaHR0cHM6XC9cL3ByemVkc3prb2xlMS1yb2dvem5vLnBsXC93cC1jb250ZW50XC91cGxvYWRzXC8yMDI1XC8wNFwvRFNDXzAzNTctc2NhbGVkLmpwZyIsInNsaWRlc2hvdyI6IjkyOGRmZWYifQ%3D%3D\">\n\t\t\t\t\t<div class=\"e-gallery-image elementor-gallery-item__image\" data-thumbnail=\"https:\/\/przedszkole1-rogozno.pl\/wp-content\/uploads\/2025\/04\/DSC_0357-300x199.jpg\" data-width=\"300\" data-height=\"199\" aria-label=\"\" role=\"img\" ><\/div>\n\t\t\t\t\t\t\t\t\t\t\t<div class=\"elementor-gallery-item__overlay\"><\/div>\n\t\t\t\t\t\t\t\t\t\t\t\t\t\t<\/a>\n\t\t\t\t\t\t\t<a class=\"e-gallery-item elementor-gallery-item elementor-animated-content\" href=\"https:\/\/przedszkole1-rogozno.pl\/wp-content\/uploads\/2025\/04\/DSC_0362-scaled.jpg\" data-elementor-open-lightbox=\"yes\" data-elementor-lightbox-slideshow=\"928dfef\" data-elementor-lightbox-title=\"DSC_0362\" data-e-action-hash=\"#elementor-action%3Aaction%3Dlightbox%26settings%3DeyJpZCI6NDcwMywidXJsIjoiaHR0cHM6XC9cL3ByemVkc3prb2xlMS1yb2dvem5vLnBsXC93cC1jb250ZW50XC91cGxvYWRzXC8yMDI1XC8wNFwvRFNDXzAzNjItc2NhbGVkLmpwZyIsInNsaWRlc2hvdyI6IjkyOGRmZWYifQ%3D%3D\">\n\t\t\t\t\t<div class=\"e-gallery-image elementor-gallery-item__image\" data-thumbnail=\"https:\/\/przedszkole1-rogozno.pl\/wp-content\/uploads\/2025\/04\/DSC_0362-300x199.jpg\" data-width=\"300\" data-height=\"199\" aria-label=\"\" role=\"img\" ><\/div>\n\t\t\t\t\t\t\t\t\t\t\t<div class=\"elementor-gallery-item__overlay\"><\/div>\n\t\t\t\t\t\t\t\t\t\t\t\t\t\t<\/a>\n\t\t\t\t\t\t\t<a class=\"e-gallery-item elementor-gallery-item elementor-animated-content\" href=\"https:\/\/przedszkole1-rogozno.pl\/wp-content\/uploads\/2025\/04\/DSC_0383-scaled.jpg\" data-elementor-open-lightbox=\"yes\" data-elementor-lightbox-slideshow=\"928dfef\" data-elementor-lightbox-title=\"DSC_0383\" data-e-action-hash=\"#elementor-action%3Aaction%3Dlightbox%26settings%3DeyJpZCI6NDcwNCwidXJsIjoiaHR0cHM6XC9cL3ByemVkc3prb2xlMS1yb2dvem5vLnBsXC93cC1jb250ZW50XC91cGxvYWRzXC8yMDI1XC8wNFwvRFNDXzAzODMtc2NhbGVkLmpwZyIsInNsaWRlc2hvdyI6IjkyOGRmZWYifQ%3D%3D\">\n\t\t\t\t\t<div class=\"e-gallery-image elementor-gallery-item__image\" data-thumbnail=\"https:\/\/przedszkole1-rogozno.pl\/wp-content\/uploads\/2025\/04\/DSC_0383-300x199.jpg\" data-width=\"300\" data-height=\"199\" aria-label=\"\" role=\"img\" ><\/div>\n\t\t\t\t\t\t\t\t\t\t\t<div class=\"elementor-gallery-item__overlay\"><\/div>\n\t\t\t\t\t\t\t\t\t\t\t\t\t\t<\/a>\n\t\t\t\t\t\t\t<a class=\"e-gallery-item elementor-gallery-item elementor-animated-content\" href=\"https:\/\/przedszkole1-rogozno.pl\/wp-content\/uploads\/2025\/04\/DSC_0389-scaled.jpg\" data-elementor-open-lightbox=\"yes\" data-elementor-lightbox-slideshow=\"928dfef\" data-elementor-lightbox-title=\"DSC_0389\" data-e-action-hash=\"#elementor-action%3Aaction%3Dlightbox%26settings%3DeyJpZCI6NDcwNSwidXJsIjoiaHR0cHM6XC9cL3ByemVkc3prb2xlMS1yb2dvem5vLnBsXC93cC1jb250ZW50XC91cGxvYWRzXC8yMDI1XC8wNFwvRFNDXzAzODktc2NhbGVkLmpwZyIsInNsaWRlc2hvdyI6IjkyOGRmZWYifQ%3D%3D\">\n\t\t\t\t\t<div class=\"e-gallery-image elementor-gallery-item__image\" data-thumbnail=\"https:\/\/przedszkole1-rogozno.pl\/wp-content\/uploads\/2025\/04\/DSC_0389-300x199.jpg\" data-width=\"300\" data-height=\"199\" aria-label=\"\" role=\"img\" ><\/div>\n\t\t\t\t\t\t\t\t\t\t\t<div class=\"elementor-gallery-item__overlay\"><\/div>\n\t\t\t\t\t\t\t\t\t\t\t\t\t\t<\/a>\n\t\t\t\t\t\t\t<a class=\"e-gallery-item elementor-gallery-item elementor-animated-content\" href=\"https:\/\/przedszkole1-rogozno.pl\/wp-content\/uploads\/2025\/04\/DSC_0285-scaled.jpg\" data-elementor-open-lightbox=\"yes\" data-elementor-lightbox-slideshow=\"928dfef\" data-elementor-lightbox-title=\"DSC_0285\" data-e-action-hash=\"#elementor-action%3Aaction%3Dlightbox%26settings%3DeyJpZCI6NDcwNiwidXJsIjoiaHR0cHM6XC9cL3ByemVkc3prb2xlMS1yb2dvem5vLnBsXC93cC1jb250ZW50XC91cGxvYWRzXC8yMDI1XC8wNFwvRFNDXzAyODUtc2NhbGVkLmpwZyIsInNsaWRlc2hvdyI6IjkyOGRmZWYifQ%3D%3D\">\n\t\t\t\t\t<div class=\"e-gallery-image elementor-gallery-item__image\" data-thumbnail=\"https:\/\/przedszkole1-rogozno.pl\/wp-content\/uploads\/2025\/04\/DSC_0285-300x199.jpg\" data-width=\"300\" data-height=\"199\" aria-label=\"\" role=\"img\" ><\/div>\n\t\t\t\t\t\t\t\t\t\t\t<div class=\"elementor-gallery-item__overlay\"><\/div>\n\t\t\t\t\t\t\t\t\t\t\t\t\t\t<\/a>\n\t\t\t\t\t\t\t<a class=\"e-gallery-item elementor-gallery-item elementor-animated-content\" href=\"https:\/\/przedszkole1-rogozno.pl\/wp-content\/uploads\/2025\/04\/DSC_0286-scaled.jpg\" data-elementor-open-lightbox=\"yes\" data-elementor-lightbox-slideshow=\"928dfef\" data-elementor-lightbox-title=\"DSC_0286\" data-e-action-hash=\"#elementor-action%3Aaction%3Dlightbox%26settings%3DeyJpZCI6NDcwNywidXJsIjoiaHR0cHM6XC9cL3ByemVkc3prb2xlMS1yb2dvem5vLnBsXC93cC1jb250ZW50XC91cGxvYWRzXC8yMDI1XC8wNFwvRFNDXzAyODYtc2NhbGVkLmpwZyIsInNsaWRlc2hvdyI6IjkyOGRmZWYifQ%3D%3D\">\n\t\t\t\t\t<div class=\"e-gallery-image elementor-gallery-item__image\" data-thumbnail=\"https:\/\/przedszkole1-rogozno.pl\/wp-content\/uploads\/2025\/04\/DSC_0286-300x199.jpg\" data-width=\"300\" data-height=\"199\" aria-label=\"\" role=\"img\" ><\/div>\n\t\t\t\t\t\t\t\t\t\t\t<div class=\"elementor-gallery-item__overlay\"><\/div>\n\t\t\t\t\t\t\t\t\t\t\t\t\t\t<\/a>\n\t\t\t\t\t\t\t<a class=\"e-gallery-item elementor-gallery-item elementor-animated-content\" href=\"https:\/\/przedszkole1-rogozno.pl\/wp-content\/uploads\/2025\/04\/DSC_0289-scaled.jpg\" data-elementor-open-lightbox=\"yes\" data-elementor-lightbox-slideshow=\"928dfef\" data-elementor-lightbox-title=\"DSC_0289\" data-e-action-hash=\"#elementor-action%3Aaction%3Dlightbox%26settings%3DeyJpZCI6NDcwOCwidXJsIjoiaHR0cHM6XC9cL3ByemVkc3prb2xlMS1yb2dvem5vLnBsXC93cC1jb250ZW50XC91cGxvYWRzXC8yMDI1XC8wNFwvRFNDXzAyODktc2NhbGVkLmpwZyIsInNsaWRlc2hvdyI6IjkyOGRmZWYifQ%3D%3D\">\n\t\t\t\t\t<div class=\"e-gallery-image elementor-gallery-item__image\" data-thumbnail=\"https:\/\/przedszkole1-rogozno.pl\/wp-content\/uploads\/2025\/04\/DSC_0289-300x199.jpg\" data-width=\"300\" data-height=\"199\" aria-label=\"\" role=\"img\" ><\/div>\n\t\t\t\t\t\t\t\t\t\t\t<div class=\"elementor-gallery-item__overlay\"><\/div>\n\t\t\t\t\t\t\t\t\t\t\t\t\t\t<\/a>\n\t\t\t\t\t<\/div>\n\t\t\t\t\t<\/div>\n\t\t\t\t<\/div>\n\t\t\t\t\t<\/div>\n\t\t<\/div>\n\t\t\t\t\t<\/div>\n\t\t<\/section>\n\t\t\t\t<\/div>\n\t\t","protected":false},"excerpt":{"rendered":"","protected":false},"author":1,"featured_media":4712,"parent":0,"menu_order":0,"comment_status":"closed","ping_status":"closed","template":"","meta":{"ocean_post_layout":"full-width","ocean_both_sidebars_style":"","ocean_both_sidebars_content_width":0,"ocean_both_sidebars_sidebars_width":0,"ocean_sidebar":"0","ocean_second_sidebar":"0","ocean_disable_margins":"enable","ocean_add_body_class":"","ocean_shortcode_before_top_bar":"","ocean_shortcode_after_top_bar":"","ocean_shortcode_before_header":"","ocean_shortcode_after_header":"","ocean_has_shortcode":"","ocean_shortcode_after_title":"","ocean_shortcode_before_footer_widgets":"","ocean_shortcode_after_footer_widgets":"","ocean_shortcode_before_footer_bottom":"","ocean_shortcode_after_footer_bottom":"","ocean_display_top_bar":"default","ocean_display_header":"default","ocean_header_style":"","ocean_center_header_left_menu":"0","ocean_custom_header_template":"0","ocean_custom_logo":0,"ocean_custom_retina_logo":0,"ocean_custom_logo_max_width":0,"ocean_custom_logo_tablet_max_width":0,"ocean_custom_logo_mobile_max_width":0,"ocean_custom_logo_max_height":0,"ocean_custom_logo_tablet_max_height":0,"ocean_custom_logo_mobile_max_height":0,"ocean_header_custom_menu":"0","ocean_menu_typo_font_family":"0","ocean_menu_typo_font_subset":"","ocean_menu_typo_font_size":0,"ocean_menu_typo_font_size_tablet":0,"ocean_menu_typo_font_size_mobile":0,"ocean_menu_typo_font_size_unit":"px","ocean_menu_typo_font_weight":"","ocean_menu_typo_font_weight_tablet":"","ocean_menu_typo_font_weight_mobile":"","ocean_menu_typo_transform":"","ocean_menu_typo_transform_tablet":"","ocean_menu_typo_transform_mobile":"","ocean_menu_typo_line_height":0,"ocean_menu_typo_line_height_tablet":0,"ocean_menu_typo_line_height_mobile":0,"ocean_menu_typo_line_height_unit":"","ocean_menu_typo_spacing":0,"ocean_menu_typo_spacing_tablet":0,"ocean_menu_typo_spacing_mobile":0,"ocean_menu_typo_spacing_unit":"","ocean_menu_link_color":"","ocean_menu_link_color_hover":"","ocean_menu_link_color_active":"","ocean_menu_link_background":"","ocean_menu_link_hover_background":"","ocean_menu_link_active_background":"","ocean_menu_social_links_bg":"","ocean_menu_social_hover_links_bg":"","ocean_menu_social_links_color":"","ocean_menu_social_hover_links_color":"","ocean_disable_title":"default","ocean_disable_heading":"default","ocean_post_title":"","ocean_post_subheading":"","ocean_post_title_style":"","ocean_post_title_background_color":"","ocean_post_title_background":0,"ocean_post_title_bg_image_position":"","ocean_post_title_bg_image_attachment":"","ocean_post_title_bg_image_repeat":"","ocean_post_title_bg_image_size":"","ocean_post_title_height":0,"ocean_post_title_bg_overlay":0.5,"ocean_post_title_bg_overlay_color":"","ocean_disable_breadcrumbs":"default","ocean_breadcrumbs_color":"","ocean_breadcrumbs_separator_color":"","ocean_breadcrumbs_links_color":"","ocean_breadcrumbs_links_hover_color":"","ocean_display_footer_widgets":"default","ocean_display_footer_bottom":"default","ocean_custom_footer_template":"0","footnotes":""},"class_list":["post-4688","page","type-page","status-publish","has-post-thumbnail","hentry","entry","has-media"],"_links":{"self":[{"href":"https:\/\/przedszkole1-rogozno.pl\/index.php\/wp-json\/wp\/v2\/pages\/4688","targetHints":{"allow":["GET"]}}],"collection":[{"href":"https:\/\/przedszkole1-rogozno.pl\/index.php\/wp-json\/wp\/v2\/pages"}],"about":[{"href":"https:\/\/przedszkole1-rogozno.pl\/index.php\/wp-json\/wp\/v2\/types\/page"}],"author":[{"embeddable":true,"href":"https:\/\/przedszkole1-rogozno.pl\/index.php\/wp-json\/wp\/v2\/users\/1"}],"replies":[{"embeddable":true,"href":"https:\/\/przedszkole1-rogozno.pl\/index.php\/wp-json\/wp\/v2\/comments?post=4688"}],"version-history":[{"count":5,"href":"https:\/\/przedszkole1-rogozno.pl\/index.php\/wp-json\/wp\/v2\/pages\/4688\/revisions"}],"predecessor-version":[{"id":4713,"href":"https:\/\/przedszkole1-rogozno.pl\/index.php\/wp-json\/wp\/v2\/pages\/4688\/revisions\/4713"}],"wp:featuredmedia":[{"embeddable":true,"href":"https:\/\/przedszkole1-rogozno.pl\/index.php\/wp-json\/wp\/v2\/media\/4712"}],"wp:attachment":[{"href":"https:\/\/przedszkole1-rogozno.pl\/index.php\/wp-json\/wp\/v2\/media?parent=4688"}],"curies":[{"name":"wp","href":"https:\/\/api.w.org\/{rel}","templated":true}]}}